{"id":116,"date":"2023-06-09T07:33:16","date_gmt":"2023-06-09T05:33:16","guid":{"rendered":"http:\/\/www.amapdescarabes.com\/?page_id=116"},"modified":"2023-06-10T12:48:15","modified_gmt":"2023-06-10T10:48:15","slug":"les-contrats","status":"publish","type":"page","link":"http:\/\/www.amapdescarabes.com\/index.php\/les-contrats\/","title":{"rendered":"Les contrats"},"content":{"rendered":"\n<p>Retrouvez dans cette rubrique tous les producteurs et les produits qu\u2019il est possible d\u2019acheter.<\/p>\n\n\n\n<p>Toutes les modalit\u00e9s, contrats et bulletins de commandes y sont \u00e9galement pr\u00e9sentes.<\/p>\n","protected":false},"excerpt":{"rendered":"<p>Retrouvez dans cette rubrique tous les producteurs et les produits qu\u2019il est possible d\u2019acheter. Toutes les modalit\u00e9s, contrats et bulletins &hellip; <\/p>\n","protected":false},"author":1,"featured_media":0,"parent":0,"menu_order":0,"comment_status":"closed","ping_status":"closed","template":"","meta":{"footnotes":""},"class_list":["post-116","page","type-page","status-publish","hentry"],"_links":{"self":[{"href":"http:\/\/www.amapdescarabes.com\/index.php\/wp-json\/wp\/v2\/pages\/116","targetHints":{"allow":["GET"]}}],"collection":[{"href":"http:\/\/www.amapdescarabes.com\/index.php\/wp-json\/wp\/v2\/pages"}],"about":[{"href":"http:\/\/www.amapdescarabes.com\/index.php\/wp-json\/wp\/v2\/types\/page"}],"author":[{"embeddable":true,"href":"http:\/\/www.amapdescarabes.com\/index.php\/wp-json\/wp\/v2\/users\/1"}],"replies":[{"embeddable":true,"href":"http:\/\/www.amapdescarabes.com\/index.php\/wp-json\/wp\/v2\/comments?post=116"}],"version-history":[{"count":2,"href":"http:\/\/www.amapdescarabes.com\/index.php\/wp-json\/wp\/v2\/pages\/116\/revisions"}],"predecessor-version":[{"id":264,"href":"http:\/\/www.amapdescarabes.com\/index.php\/wp-json\/wp\/v2\/pages\/116\/revisions\/264"}],"wp:attachment":[{"href":"http:\/\/www.amapdescarabes.com\/index.php\/wp-json\/wp\/v2\/media?parent=116"}],"curies":[{"name":"wp","href":"https:\/\/api.w.org\/{rel}","templated":true}]}}