{"id":122,"date":"2023-06-09T07:36:14","date_gmt":"2023-06-09T05:36:14","guid":{"rendered":"http:\/\/www.amapdescarabes.com\/?page_id=122"},"modified":"2025-11-15T16:12:31","modified_gmt":"2025-11-15T15:12:31","slug":"la-tumulte","status":"publish","type":"page","link":"http:\/\/www.amapdescarabes.com\/index.php\/la-tumulte\/","title":{"rendered":"La Tumulte"},"content":{"rendered":"\n<p>\u00c9milien Kuhn brasseur install\u00e9 \u00e0 Magni\u00e8res propose de se d\u00e9salt\u00e9rer en d\u00e9gustant des bi\u00e8res dont il a le secret de fabrication.<\/p>\n\n\n\n<p>Une <a href=\"http:\/\/www.amapdescarabes.com\/wp-content\/uploads\/2025\/11\/Contrat-Tumulte-2026.pdf\" target=\"_blank\" rel=\"noreferrer noopener\">formule \u00ab\u00a0\u00e0 la carte\u00a0\u00bb<\/a> permet de passer jusqu\u2019a 4 commande dans l\u2019ann\u00e9e.<\/p>\n\n\n\n<p>Les diff\u00e9rents types de bi\u00e8res sont visible sur le site internet : <a rel=\"noreferrer noopener\" href=\"https:\/\/www.brasserietumulte.fr\/\" target=\"_blank\">www.brasserietumulte.fr\/<\/a><\/p>\n\n\n\n<p class=\"has-text-align-center\"><strong>L\u2019abus d\u2019alcool est dangereux pour la sant\u00e9, \u00e0 consommer avec mod\u00e9ration<\/strong><\/p>\n","protected":false},"excerpt":{"rendered":"<p>\u00c9milien Kuhn brasseur install\u00e9 \u00e0 Magni\u00e8res propose de se d\u00e9salt\u00e9rer en d\u00e9gustant des bi\u00e8res dont il a le secret de &hellip; <\/p>\n","protected":false},"author":1,"featured_media":0,"parent":0,"menu_order":0,"comment_status":"closed","ping_status":"closed","template":"","meta":{"footnotes":""},"class_list":["post-122","page","type-page","status-publish","hentry"],"_links":{"self":[{"href":"http:\/\/www.amapdescarabes.com\/index.php\/wp-json\/wp\/v2\/pages\/122","targetHints":{"allow":["GET"]}}],"collection":[{"href":"http:\/\/www.amapdescarabes.com\/index.php\/wp-json\/wp\/v2\/pages"}],"about":[{"href":"http:\/\/www.amapdescarabes.com\/index.php\/wp-json\/wp\/v2\/types\/page"}],"author":[{"embeddable":true,"href":"http:\/\/www.amapdescarabes.com\/index.php\/wp-json\/wp\/v2\/users\/1"}],"replies":[{"embeddable":true,"href":"http:\/\/www.amapdescarabes.com\/index.php\/wp-json\/wp\/v2\/comments?post=122"}],"version-history":[{"count":5,"href":"http:\/\/www.amapdescarabes.com\/index.php\/wp-json\/wp\/v2\/pages\/122\/revisions"}],"predecessor-version":[{"id":420,"href":"http:\/\/www.amapdescarabes.com\/index.php\/wp-json\/wp\/v2\/pages\/122\/revisions\/420"}],"wp:attachment":[{"href":"http:\/\/www.amapdescarabes.com\/index.php\/wp-json\/wp\/v2\/media?parent=122"}],"curies":[{"name":"wp","href":"https:\/\/api.w.org\/{rel}","templated":true}]}}