{"id":124,"date":"2023-06-09T07:36:45","date_gmt":"2023-06-09T05:36:45","guid":{"rendered":"http:\/\/www.amapdescarabes.com\/?page_id=124"},"modified":"2025-11-15T15:56:28","modified_gmt":"2025-11-15T14:56:28","slug":"gaec-des-grands-champs","status":"publish","type":"page","link":"http:\/\/www.amapdescarabes.com\/index.php\/gaec-des-grands-champs\/","title":{"rendered":"GAEC des Grands Champs"},"content":{"rendered":"\n<p>Cyril CLAUDE, \u00c9leveur de bovins de race \u00ab\u00a0Limousine\u00a0\u00bb propose \u00e0 la vente ces 2 produits :<\/p>\n\n\n\n<p><a href=\"http:\/\/www.amapdescarabes.com\/wp-content\/uploads\/2025\/11\/Commande-1.-viande-de-boeuf-2026.pdf\" target=\"_blank\" rel=\"noreferrer noopener\">Caissette de 5 et 13 kg de viande de b\u0153uf d\u00e9coup\u00e9e<\/a><\/p>\n\n\n\n<p><\/p>\n\n\n\n<p>La souscription \u00e0 l\u2019un des contrats vaut acception sans r\u00e9serve des <a href=\"http:\/\/www.amapdescarabes.com\/wp-content\/uploads\/2025\/11\/Contrat-Boeuf-2026.pdf\" target=\"_blank\" rel=\"noreferrer noopener\">conditions g\u00e9n\u00e9rales<\/a><\/p>\n\n\n\n<figure class=\"wp-block-image size-full\"><img loading=\"lazy\" decoding=\"async\" width=\"626\" height=\"249\" src=\"http:\/\/www.amapdescarabes.com\/wp-content\/uploads\/2025\/11\/collage-alimentaire-differentes-viandes-boeuf-steak-viande-crue-fraiche-generative-ai_527096-44443.jpg\" alt=\"\" class=\"wp-image-412\" srcset=\"http:\/\/www.amapdescarabes.com\/wp-content\/uploads\/2025\/11\/collage-alimentaire-differentes-viandes-boeuf-steak-viande-crue-fraiche-generative-ai_527096-44443.jpg 626w, http:\/\/www.amapdescarabes.com\/wp-content\/uploads\/2025\/11\/collage-alimentaire-differentes-viandes-boeuf-steak-viande-crue-fraiche-generative-ai_527096-44443-300x119.jpg 300w\" sizes=\"auto, (max-width: 626px) 100vw, 626px\" \/><\/figure>\n","protected":false},"excerpt":{"rendered":"<p>Cyril CLAUDE, \u00c9leveur de bovins de race \u00ab\u00a0Limousine\u00a0\u00bb propose \u00e0 la vente ces 2 produits : Caissette de 5 et &hellip; <\/p>\n","protected":false},"author":1,"featured_media":0,"parent":0,"menu_order":0,"comment_status":"closed","ping_status":"closed","template":"","meta":{"footnotes":""},"class_list":["post-124","page","type-page","status-publish","hentry"],"_links":{"self":[{"href":"http:\/\/www.amapdescarabes.com\/index.php\/wp-json\/wp\/v2\/pages\/124","targetHints":{"allow":["GET"]}}],"collection":[{"href":"http:\/\/www.amapdescarabes.com\/index.php\/wp-json\/wp\/v2\/pages"}],"about":[{"href":"http:\/\/www.amapdescarabes.com\/index.php\/wp-json\/wp\/v2\/types\/page"}],"author":[{"embeddable":true,"href":"http:\/\/www.amapdescarabes.com\/index.php\/wp-json\/wp\/v2\/users\/1"}],"replies":[{"embeddable":true,"href":"http:\/\/www.amapdescarabes.com\/index.php\/wp-json\/wp\/v2\/comments?post=124"}],"version-history":[{"count":10,"href":"http:\/\/www.amapdescarabes.com\/index.php\/wp-json\/wp\/v2\/pages\/124\/revisions"}],"predecessor-version":[{"id":414,"href":"http:\/\/www.amapdescarabes.com\/index.php\/wp-json\/wp\/v2\/pages\/124\/revisions\/414"}],"wp:attachment":[{"href":"http:\/\/www.amapdescarabes.com\/index.php\/wp-json\/wp\/v2\/media?parent=124"}],"curies":[{"name":"wp","href":"https:\/\/api.w.org\/{rel}","templated":true}]}}