{"id":39,"date":"2023-06-08T11:31:20","date_gmt":"2023-06-08T09:31:20","guid":{"rendered":"http:\/\/www.amapdescarabes.com\/?page_id=39"},"modified":"2023-06-09T11:40:41","modified_gmt":"2023-06-09T09:40:41","slug":"nos-publications","status":"publish","type":"page","link":"http:\/\/www.amapdescarabes.com\/index.php\/nos-publications\/","title":{"rendered":"Nos publications"},"content":{"rendered":"\n<p><\/p>\n\n\n\n<p class=\"has-text-align-center has-large-font-size\">Les \u00c9pisodes<\/p>\n\n\n\n<p class=\"has-text-align-center\">Tous les num\u00e9ros \u00e9dit\u00e9s entre 2011 et 2014<\/p>\n\n\n\n<figure class=\"wp-block-gallery has-nested-images columns-default is-cropped wp-block-gallery-1 is-layout-flex wp-block-gallery-is-layout-flex\">\n<figure class=\"wp-block-image size-large\"><a href=\"http:\/\/www.amapdescarabes.com\/wp-content\/uploads\/2023\/06\/Episode1.pdf\" target=\"_blank\" rel=\"noreferrer noopener\"><img loading=\"lazy\" decoding=\"async\" width=\"371\" height=\"530\" data-id=\"93\" src=\"http:\/\/www.amapdescarabes.com\/wp-content\/uploads\/2023\/06\/Episode1.png\" alt=\"\" class=\"wp-image-93\" srcset=\"http:\/\/www.amapdescarabes.com\/wp-content\/uploads\/2023\/06\/Episode1.png 371w, http:\/\/www.amapdescarabes.com\/wp-content\/uploads\/2023\/06\/Episode1-210x300.png 210w\" sizes=\"auto, (max-width: 371px) 100vw, 371px\" \/><\/a><\/figure>\n\n\n\n<figure class=\"wp-block-image size-large\"><a href=\"http:\/\/www.amapdescarabes.com\/wp-content\/uploads\/2023\/06\/Episode2.pdf\" target=\"_blank\" rel=\"noreferrer noopener\"><img loading=\"lazy\" decoding=\"async\" width=\"314\" height=\"444\" data-id=\"95\" src=\"http:\/\/www.amapdescarabes.com\/wp-content\/uploads\/2023\/06\/Episode2.png\" alt=\"\" class=\"wp-image-95\" srcset=\"http:\/\/www.amapdescarabes.com\/wp-content\/uploads\/2023\/06\/Episode2.png 314w, http:\/\/www.amapdescarabes.com\/wp-content\/uploads\/2023\/06\/Episode2-212x300.png 212w\" sizes=\"auto, (max-width: 314px) 100vw, 314px\" \/><\/a><\/figure>\n\n\n\n<figure class=\"wp-block-image size-large\"><a href=\"http:\/\/www.amapdescarabes.com\/wp-content\/uploads\/2023\/06\/episode3.pdf\" target=\"_blank\" rel=\"noreferrer noopener\"><img loading=\"lazy\" decoding=\"async\" width=\"314\" height=\"444\" data-id=\"91\" src=\"http:\/\/www.amapdescarabes.com\/wp-content\/uploads\/2023\/06\/episode3.png\" alt=\"\" class=\"wp-image-91\" srcset=\"http:\/\/www.amapdescarabes.com\/wp-content\/uploads\/2023\/06\/episode3.png 314w, http:\/\/www.amapdescarabes.com\/wp-content\/uploads\/2023\/06\/episode3-212x300.png 212w\" sizes=\"auto, (max-width: 314px) 100vw, 314px\" \/><\/a><\/figure>\n<\/figure>\n\n\n\n<p class=\"has-text-align-center has-large-font-size\"><strong>Des nouvelles des producteurs &#8230;<\/strong><\/p>\n\n\n\n<p class=\"has-text-align-center\">Reprise des publications en 2022 apr\u00e8s quelques ann\u00e9es d&rsquo;interruption &#8230;<\/p>\n\n\n\n<figure class=\"wp-block-image size-full\"><a href=\"http:\/\/www.amapdescarabes.com\/wp-content\/uploads\/2023\/06\/Nouvelles-des-Producteurs.pdf\" target=\"_blank\" rel=\"noreferrer noopener\"><img loading=\"lazy\" decoding=\"async\" width=\"320\" height=\"219\" src=\"http:\/\/www.amapdescarabes.com\/wp-content\/uploads\/2023\/06\/Capture-decran-du-2023-06-08-17-48-23.png\" alt=\"\" class=\"wp-image-107\" srcset=\"http:\/\/www.amapdescarabes.com\/wp-content\/uploads\/2023\/06\/Capture-decran-du-2023-06-08-17-48-23.png 320w, http:\/\/www.amapdescarabes.com\/wp-content\/uploads\/2023\/06\/Capture-decran-du-2023-06-08-17-48-23-300x205.png 300w\" sizes=\"auto, (max-width: 320px) 100vw, 320px\" \/><\/a><\/figure>\n","protected":false},"excerpt":{"rendered":"<p>Les \u00c9pisodes Tous les num\u00e9ros \u00e9dit\u00e9s entre 2011 et 2014 Des nouvelles des producteurs &#8230; Reprise des publications en 2022 &hellip; <\/p>\n","protected":false},"author":1,"featured_media":0,"parent":0,"menu_order":0,"comment_status":"closed","ping_status":"closed","template":"","meta":{"footnotes":""},"class_list":["post-39","page","type-page","status-publish","hentry"],"_links":{"self":[{"href":"http:\/\/www.amapdescarabes.com\/index.php\/wp-json\/wp\/v2\/pages\/39","targetHints":{"allow":["GET"]}}],"collection":[{"href":"http:\/\/www.amapdescarabes.com\/index.php\/wp-json\/wp\/v2\/pages"}],"about":[{"href":"http:\/\/www.amapdescarabes.com\/index.php\/wp-json\/wp\/v2\/types\/page"}],"author":[{"embeddable":true,"href":"http:\/\/www.amapdescarabes.com\/index.php\/wp-json\/wp\/v2\/users\/1"}],"replies":[{"embeddable":true,"href":"http:\/\/www.amapdescarabes.com\/index.php\/wp-json\/wp\/v2\/comments?post=39"}],"version-history":[{"count":10,"href":"http:\/\/www.amapdescarabes.com\/index.php\/wp-json\/wp\/v2\/pages\/39\/revisions"}],"predecessor-version":[{"id":216,"href":"http:\/\/www.amapdescarabes.com\/index.php\/wp-json\/wp\/v2\/pages\/39\/revisions\/216"}],"wp:attachment":[{"href":"http:\/\/www.amapdescarabes.com\/index.php\/wp-json\/wp\/v2\/media?parent=39"}],"curies":[{"name":"wp","href":"https:\/\/api.w.org\/{rel}","templated":true}]}}