{"id":69,"date":"2023-06-08T15:36:42","date_gmt":"2023-06-08T13:36:42","guid":{"rendered":"http:\/\/www.amapdescarabes.com\/?page_id=69"},"modified":"2025-11-01T13:12:22","modified_gmt":"2025-11-01T12:12:22","slug":"nous-rejoindre","status":"publish","type":"page","link":"http:\/\/www.amapdescarabes.com\/index.php\/nous-rejoindre\/","title":{"rendered":"Nous rejoindre &#8230;"},"content":{"rendered":"\n<p>Avant de nous rejoindre, il est tr\u00e8s important de comprendre <a href=\"http:\/\/www.amapdescarabes.com\/wp-content\/uploads\/2024\/03\/charte_des_amap_mars_2014-2.pdf\" data-type=\"attachment\" data-id=\"311\" target=\"_blank\" rel=\"noreferrer noopener\">la charte des AMAP<\/a><\/p>\n\n\n\n<p>Pour devenir membre et pouvoir souscrire \u00e0 nos contrats, veuillez nous faire parvenir le <a href=\"http:\/\/www.amapdescarabes.com\/wp-content\/uploads\/2025\/11\/BulletinAdhesion2026.pdf\" target=\"_blank\" rel=\"noreferrer noopener\">bulletin d\u2019adh\u00e9sion <\/a>d\u00fbment rempli et le r\u00e8glement correspondant.. Vous avez \u00e9galement la possibilit\u00e9 de nous rejoindre par payement en ligne via le formulaire ci dessous<\/p>\n\n\n<p><iframe id=\"haWidget\" allowtransparency=\"true\" src=\"https:\/\/www.helloasso.com\/associations\/amap-des-carabes\/adhesions\/adhesions-et-dons-2026\/widget\" style=\"width: 100%; border: none;\" onload=\"window.addEventListener( 'message', function(e) { const dataHeight = e.data.height; const haWidgetElement = document.getElementById('haWidget'); haWidgetElement.height = dataHeight + 'px'; } )\" ><\/iframe><\/p>\n\n\n\n<p class=\"has-text-align-center\"><a href=\"http:\/\/www.amapdescarabes.com\/wp-content\/uploads\/2023\/06\/Tuto_HelloAsso.pdf\" target=\"_blank\" rel=\"noreferrer noopener\"><strong>Explications sur l&rsquo;ajustement de la contribution d\u00e9di\u00e9e au fonctionnement de HelloAsso<\/strong><\/a><\/p>\n","protected":false},"excerpt":{"rendered":"<p>Avant de nous rejoindre, il est tr\u00e8s important de comprendre la charte des AMAP Pour devenir membre et pouvoir souscrire &hellip; <\/p>\n","protected":false},"author":1,"featured_media":0,"parent":0,"menu_order":0,"comment_status":"closed","ping_status":"closed","template":"","meta":{"footnotes":""},"class_list":["post-69","page","type-page","status-publish","hentry"],"_links":{"self":[{"href":"http:\/\/www.amapdescarabes.com\/index.php\/wp-json\/wp\/v2\/pages\/69","targetHints":{"allow":["GET"]}}],"collection":[{"href":"http:\/\/www.amapdescarabes.com\/index.php\/wp-json\/wp\/v2\/pages"}],"about":[{"href":"http:\/\/www.amapdescarabes.com\/index.php\/wp-json\/wp\/v2\/types\/page"}],"author":[{"embeddable":true,"href":"http:\/\/www.amapdescarabes.com\/index.php\/wp-json\/wp\/v2\/users\/1"}],"replies":[{"embeddable":true,"href":"http:\/\/www.amapdescarabes.com\/index.php\/wp-json\/wp\/v2\/comments?post=69"}],"version-history":[{"count":15,"href":"http:\/\/www.amapdescarabes.com\/index.php\/wp-json\/wp\/v2\/pages\/69\/revisions"}],"predecessor-version":[{"id":387,"href":"http:\/\/www.amapdescarabes.com\/index.php\/wp-json\/wp\/v2\/pages\/69\/revisions\/387"}],"wp:attachment":[{"href":"http:\/\/www.amapdescarabes.com\/index.php\/wp-json\/wp\/v2\/media?parent=69"}],"curies":[{"name":"wp","href":"https:\/\/api.w.org\/{rel}","templated":true}]}}